{"id":104,"date":"2021-04-29T12:15:59","date_gmt":"2021-04-29T10:15:59","guid":{"rendered":"https:\/\/sshf.dk\/?page_id=104"},"modified":"2025-03-31T22:03:43","modified_gmt":"2025-03-31T20:03:43","slug":"medlem","status":"publish","type":"page","link":"https:\/\/sshf.dk\/index.php\/medlem\/","title":{"rendered":"Medlem"},"content":{"rendered":"\t\t<div data-elementor-type=\"wp-page\" data-elementor-id=\"104\" class=\"elementor elementor-104\">\n\t\t\t\t\t\t\t\t\t<section class=\"elementor-section elementor-top-section elementor-element elementor-element-8ae86ad elementor-section-boxed elementor-section-height-default elementor-section-height-default\" data-id=\"8ae86ad\" data-element_type=\"section\">\n\t\t\t\t\t\t<div class=\"elementor-container elementor-column-gap-default\">\n\t\t\t\t\t<div class=\"elementor-column elementor-col-50 elementor-top-column elementor-element elementor-element-ed4cfcb\" data-id=\"ed4cfcb\" data-element_type=\"column\">\n\t\t\t<div class=\"elementor-widget-wrap elementor-element-populated\">\n\t\t\t\t\t\t\t\t<div class=\"elementor-element elementor-element-69056c5 elementor-widget elementor-widget-image\" data-id=\"69056c5\" data-element_type=\"widget\" data-widget_type=\"image.default\">\n\t\t\t\t<div class=\"elementor-widget-container\">\n\t\t\t\t\t\t\t\t\t\t\t\t\t\t\t<img loading=\"lazy\" decoding=\"async\" width=\"1230\" height=\"600\" src=\"https:\/\/sshf.dk\/wp-content\/uploads\/2021\/04\/blivMedlem.png\" class=\"attachment-full size-full wp-image-158\" alt=\"\" srcset=\"https:\/\/sshf.dk\/wp-content\/uploads\/2021\/04\/blivMedlem.png 1230w, https:\/\/sshf.dk\/wp-content\/uploads\/2021\/04\/blivMedlem-300x146.png 300w, https:\/\/sshf.dk\/wp-content\/uploads\/2021\/04\/blivMedlem-1024x500.png 1024w, https:\/\/sshf.dk\/wp-content\/uploads\/2021\/04\/blivMedlem-768x375.png 768w\" sizes=\"100vw\" \/>\t\t\t\t\t\t\t\t\t\t\t\t\t\t\t<\/div>\n\t\t\t\t<\/div>\n\t\t\t\t\t<\/div>\n\t\t<\/div>\n\t\t\t\t<div class=\"elementor-column elementor-col-50 elementor-top-column elementor-element elementor-element-ab033f9\" data-id=\"ab033f9\" data-element_type=\"column\">\n\t\t\t<div class=\"elementor-widget-wrap elementor-element-populated\">\n\t\t\t\t\t\t\t\t<div class=\"elementor-element elementor-element-88eb3e9 elementor-widget elementor-widget-text-editor\" data-id=\"88eb3e9\" data-element_type=\"widget\" data-widget_type=\"text-editor.default\">\n\t\t\t\t<div class=\"elementor-widget-container\">\n\t\t\t\t\t\t\t<p><span style=\"color: var( --e-global-color-text ); font-size: 1rem;\">Sejs-Svejb\u00e6k Hjertestarterforening er blevet nedlagt pr. 31. marts 2025<\/span><\/p><p><span style=\"color: var( --e-global-color-text ); font-size: 1rem;\">Foreningen har pt. to hjertestartere i hver sin ende af byen. Her har vi indtil nu betalt str\u00f8m mv. til dem, der har indvilliget i at f\u00e5 en hjertestarter h\u00e6ngt op p\u00e5 deres v\u00e6g, s\u00e5 alle har adgang til den. Vi er nu ved at f\u00e5 afh\u00e6ndet de to hjertestartere til andre almennyttige foreninger i lokalomr\u00e5det.<\/span><\/p>\t\t\t\t\t\t<\/div>\n\t\t\t\t<\/div>\n\t\t\t\t\t<\/div>\n\t\t<\/div>\n\t\t\t\t\t\t\t<\/div>\n\t\t<\/section>\n\t\t\t\t\t\t\t<\/div>\n\t\t","protected":false},"excerpt":{"rendered":"<p>Sejs-Svejb\u00e6k Hjertestarterforening er blevet nedlagt pr. 31. marts 2025 Foreningen har pt. to hjertestartere i hver sin ende af byen. Her har vi indtil nu betalt str\u00f8m mv. til dem, der har indvilliget i at f\u00e5 en hjertestarter h\u00e6ngt op p\u00e5 deres v\u00e6g, s\u00e5 alle har adgang til den. Vi er nu ved at f\u00e5 &hellip; <\/p>\n<p class=\"link-more\"><a href=\"https:\/\/sshf.dk\/index.php\/medlem\/\" class=\"more-link\">L\u00e6s videre<span class=\"screen-reader-text\"> &#8220;Medlem&#8221;<\/span><\/a><\/p>\n","protected":false},"author":1,"featured_media":0,"parent":0,"menu_order":0,"comment_status":"closed","ping_status":"closed","template":"elementor_header_footer","meta":{"footnotes":""},"class_list":["post-104","page","type-page","status-publish","hentry"],"_links":{"self":[{"href":"https:\/\/sshf.dk\/index.php\/wp-json\/wp\/v2\/pages\/104"}],"collection":[{"href":"https:\/\/sshf.dk\/index.php\/wp-json\/wp\/v2\/pages"}],"about":[{"href":"https:\/\/sshf.dk\/index.php\/wp-json\/wp\/v2\/types\/page"}],"author":[{"embeddable":true,"href":"https:\/\/sshf.dk\/index.php\/wp-json\/wp\/v2\/users\/1"}],"replies":[{"embeddable":true,"href":"https:\/\/sshf.dk\/index.php\/wp-json\/wp\/v2\/comments?post=104"}],"version-history":[{"count":32,"href":"https:\/\/sshf.dk\/index.php\/wp-json\/wp\/v2\/pages\/104\/revisions"}],"predecessor-version":[{"id":729,"href":"https:\/\/sshf.dk\/index.php\/wp-json\/wp\/v2\/pages\/104\/revisions\/729"}],"wp:attachment":[{"href":"https:\/\/sshf.dk\/index.php\/wp-json\/wp\/v2\/media?parent=104"}],"curies":[{"name":"wp","href":"https:\/\/api.w.org\/{rel}","templated":true}]}}