{"id":106,"date":"2021-04-29T12:16:11","date_gmt":"2021-04-29T10:16:11","guid":{"rendered":"https:\/\/sshf.dk\/?page_id=106"},"modified":"2025-03-31T22:13:27","modified_gmt":"2025-03-31T20:13:27","slug":"kontakt-os","status":"publish","type":"page","link":"https:\/\/sshf.dk\/index.php\/kontakt-os\/","title":{"rendered":"Kontakt os"},"content":{"rendered":"\t\t<div data-elementor-type=\"wp-page\" data-elementor-id=\"106\" class=\"elementor elementor-106\">\n\t\t\t\t\t\t\t\t\t<section class=\"elementor-section elementor-top-section elementor-element elementor-element-1eabc3f elementor-section-boxed elementor-section-height-default elementor-section-height-default\" data-id=\"1eabc3f\" data-element_type=\"section\">\n\t\t\t\t\t\t<div class=\"elementor-container elementor-column-gap-default\">\n\t\t\t\t\t<div class=\"elementor-column elementor-col-100 elementor-top-column elementor-element elementor-element-6ddff6d\" data-id=\"6ddff6d\" data-element_type=\"column\">\n\t\t\t<div class=\"elementor-widget-wrap elementor-element-populated\">\n\t\t\t\t\t\t\t\t<div class=\"elementor-element elementor-element-69a3463 elementor-position-left elementor-vertical-align-middle elementor-widget elementor-widget-image-box\" data-id=\"69a3463\" data-element_type=\"widget\" data-widget_type=\"image-box.default\">\n\t\t\t\t<div class=\"elementor-widget-container\">\n\t\t\t<div class=\"elementor-image-box-wrapper\"><figure class=\"elementor-image-box-img\"><img loading=\"lazy\" decoding=\"async\" width=\"125\" height=\"109\" src=\"https:\/\/sshf.dk\/wp-content\/uploads\/2021\/04\/contact-icon.png\" class=\"attachment-full size-full wp-image-160\" alt=\"\" \/><\/figure><div class=\"elementor-image-box-content\"><p class=\"elementor-image-box-description\">Du kan i resten af for\u00e5ret 2025 bruge kontaktformularen nedenunder til at komme i kontakt med den opl\u00f8ste Sejs-Svejb\u00e6k Hjertestarterforening<\/p><\/div><\/div>\t\t<\/div>\n\t\t\t\t<\/div>\n\t\t\t\t\t<\/div>\n\t\t<\/div>\n\t\t\t\t\t\t\t<\/div>\n\t\t<\/section>\n\t\t\t\t<section class=\"elementor-section elementor-top-section elementor-element elementor-element-e0f0c7d elementor-section-boxed elementor-section-height-default elementor-section-height-default\" data-id=\"e0f0c7d\" data-element_type=\"section\">\n\t\t\t\t\t\t<div class=\"elementor-container elementor-column-gap-default\">\n\t\t\t\t\t<div class=\"elementor-column elementor-col-33 elementor-top-column elementor-element elementor-element-5b4abfc\" data-id=\"5b4abfc\" data-element_type=\"column\">\n\t\t\t<div class=\"elementor-widget-wrap elementor-element-populated\">\n\t\t\t\t\t\t\t\t<div class=\"elementor-element elementor-element-dde8d5d elementor-widget elementor-widget-wpforms\" data-id=\"dde8d5d\" data-element_type=\"widget\" data-widget_type=\"wpforms.default\">\n\t\t\t\t<div class=\"elementor-widget-container\">\n\t\t\t<div class=\"wpforms-container wpforms-container-full\" id=\"wpforms-184\"><form id=\"wpforms-form-184\" class=\"wpforms-validate wpforms-form\" data-formid=\"184\" method=\"post\" enctype=\"multipart\/form-data\" action=\"\/index.php\/wp-json\/wp\/v2\/pages\/106\" data-token=\"bb0972ce2e731e35aaa239ff447bb8f2\"><noscript class=\"wpforms-error-noscript\">Please enable JavaScript in your browser to complete this form.<\/noscript><div class=\"wpforms-field-container\"><div id=\"wpforms-184-field_1-container\" class=\"wpforms-field wpforms-field-email\" data-field-id=\"1\"><label class=\"wpforms-field-label\" for=\"wpforms-184-field_1\">Din e-mailadresse <span class=\"wpforms-required-label\">*<\/span><\/label><input type=\"email\" id=\"wpforms-184-field_1\" class=\"wpforms-field-large wpforms-field-required\" name=\"wpforms[fields][1]\" placeholder=\"Indtast din e-mailadresse\" required><\/div><div id=\"wpforms-184-field_2-container\" class=\"wpforms-field wpforms-field-text\" data-field-id=\"2\"><label class=\"wpforms-field-label\" for=\"wpforms-184-field_2\">Dit navn <span class=\"wpforms-required-label\">*<\/span><\/label><input type=\"text\" id=\"wpforms-184-field_2\" class=\"wpforms-field-large wpforms-field-required\" name=\"wpforms[fields][2]\" placeholder=\"Indtast dit navn\" required><\/div><div id=\"wpforms-184-field_3-container\" class=\"wpforms-field wpforms-field-text\" data-field-id=\"3\"><label class=\"wpforms-field-label\" for=\"wpforms-184-field_3\">Telefon nummer <span class=\"wpforms-required-label\">*<\/span><\/label><input type=\"text\" id=\"wpforms-184-field_3\" class=\"wpforms-field-large wpforms-field-required\" name=\"wpforms[fields][3]\" placeholder=\"Indtast dit telefon nummer\" required><\/div><div id=\"wpforms-184-field_4-container\" class=\"wpforms-field wpforms-field-textarea\" data-field-id=\"4\"><label class=\"wpforms-field-label\" for=\"wpforms-184-field_4\">Besked <span class=\"wpforms-required-label\">*<\/span><\/label><textarea id=\"wpforms-184-field_4\" class=\"wpforms-field-medium wpforms-field-required\" name=\"wpforms[fields][4]\" placeholder=\"Indtast en besked\" required><\/textarea><\/div><\/div><div class=\"wpforms-submit-container\"><input type=\"hidden\" name=\"wpforms[id]\" value=\"184\"><input type=\"hidden\" name=\"wpforms[author]\" value=\"1\"><button type=\"submit\" name=\"wpforms[submit]\" id=\"wpforms-submit-184\" class=\"wpforms-submit\" data-alt-text=\"Sender...\" data-submit-text=\"Send\" aria-live=\"assertive\" value=\"wpforms-submit\">Send<\/button><\/div><\/form><\/div>  <!-- .wpforms-container -->\t\t<\/div>\n\t\t\t\t<\/div>\n\t\t\t\t\t<\/div>\n\t\t<\/div>\n\t\t\t\t<div class=\"elementor-column elementor-col-33 elementor-top-column elementor-element elementor-element-b634ca1\" data-id=\"b634ca1\" data-element_type=\"column\">\n\t\t\t<div class=\"elementor-widget-wrap elementor-element-populated\">\n\t\t\t\t\t\t\t\t<div class=\"elementor-element elementor-element-8d569da elementor-widget elementor-widget-text-editor\" data-id=\"8d569da\" data-element_type=\"widget\" data-widget_type=\"text-editor.default\">\n\t\t\t\t<div class=\"elementor-widget-container\">\n\t\t\t\t\t\t\t<p><span style=\"text-decoration: underline; color: #808080;\"><strong>Afg\u00e5ende formand:<\/strong><\/span><br \/><span style=\"color: #808080;\">Ingrid S\u00f8nderg\u00e5rd<\/span><br \/><span style=\"color: #808080;\">Pileurtevej 5<\/span><br \/><span style=\"color: #808080;\">8600 Silkeborg<\/span><br \/><span style=\"color: #0000ff;\"><a style=\"color: #0000ff;\" href=\"mailto:bladbede@icloud.com\">Send mail<\/a><\/span><\/p>\t\t\t\t\t\t<\/div>\n\t\t\t\t<\/div>\n\t\t\t\t<div class=\"elementor-element elementor-element-89d0453 elementor-widget elementor-widget-text-editor\" data-id=\"89d0453\" data-element_type=\"widget\" data-widget_type=\"text-editor.default\">\n\t\t\t\t<div class=\"elementor-widget-container\">\n\t\t\t\t\t\t\t<p><span style=\"text-decoration: underline; color: #808080;\"><strong>Afg\u00e5ende kasserer:<\/strong><\/span><br \/><span style=\"color: #808080;\">Hanne Stubman<\/span><br \/><span style=\"color: #808080;\">Eneb\u00e6rvej 31 H<\/span><br \/><span style=\"color: #808080;\">8600 Silkeborg<\/span><br \/><span style=\"color: #0000ff;\"><a style=\"color: #0000ff;\" href=\"mailto:hstubman@hotmail.com\">Send mail<\/a><\/span><\/p>\t\t\t\t\t\t<\/div>\n\t\t\t\t<\/div>\n\t\t\t\t<div class=\"elementor-element elementor-element-e9c2b93 elementor-widget elementor-widget-text-editor\" data-id=\"e9c2b93\" data-element_type=\"widget\" data-widget_type=\"text-editor.default\">\n\t\t\t\t<div class=\"elementor-widget-container\">\n\t\t\t\t\t\t\t<p><span style=\"text-decoration: underline; color: #808080;\"><strong>Afg\u00e5ende bestyrelsesmedlem:<\/strong><\/span><br \/><span style=\"color: #808080;\">Henrik Busk<\/span><\/p>\t\t\t\t\t\t<\/div>\n\t\t\t\t<\/div>\n\t\t\t\t\t<\/div>\n\t\t<\/div>\n\t\t\t\t<div class=\"elementor-column elementor-col-33 elementor-top-column elementor-element elementor-element-8357e2d\" data-id=\"8357e2d\" data-element_type=\"column\">\n\t\t\t<div class=\"elementor-widget-wrap elementor-element-populated\">\n\t\t\t\t\t\t\t\t<div class=\"elementor-element elementor-element-53a815b elementor-widget elementor-widget-text-editor\" data-id=\"53a815b\" data-element_type=\"widget\" data-widget_type=\"text-editor.default\">\n\t\t\t\t<div class=\"elementor-widget-container\">\n\t\t\t\t\t\t\t<p><span style=\"text-decoration: underline; color: #808080;\"><strong>Bestyrelsesmedlem:<\/strong><\/span><br \/><span style=\"color: #808080;\">Vakant<\/span><\/p>\t\t\t\t\t\t<\/div>\n\t\t\t\t<\/div>\n\t\t\t\t<div class=\"elementor-element elementor-element-0146cf1 elementor-widget elementor-widget-text-editor\" data-id=\"0146cf1\" data-element_type=\"widget\" data-widget_type=\"text-editor.default\">\n\t\t\t\t<div class=\"elementor-widget-container\">\n\t\t\t\t\t\t\t<p><span style=\"text-decoration: underline; color: #808080;\"><strong>Bestyrelsesmedlem:<\/strong><\/span><br \/><span style=\"color: #808080;\">Vakant<\/span><\/p>\t\t\t\t\t\t<\/div>\n\t\t\t\t<\/div>\n\t\t\t\t<div class=\"elementor-element elementor-element-10d23d2 elementor-widget elementor-widget-text-editor\" data-id=\"10d23d2\" data-element_type=\"widget\" data-widget_type=\"text-editor.default\">\n\t\t\t\t<div class=\"elementor-widget-container\">\n\t\t\t\t\t\t\t<p><em><span style=\"color: #808080;\">Der er pt. ikke valgt nogen n\u00e6stformand, da bestyrelsen ikke er fuldtallig<\/span><\/em><\/p>\t\t\t\t\t\t<\/div>\n\t\t\t\t<\/div>\n\t\t\t\t<div class=\"elementor-element elementor-element-10735ef elementor-widget elementor-widget-text-editor\" data-id=\"10735ef\" data-element_type=\"widget\" data-widget_type=\"text-editor.default\">\n\t\t\t\t<div class=\"elementor-widget-container\">\n\t\t\t\t\t\t\t\t\t\t\t\t\t<\/div>\n\t\t\t\t<\/div>\n\t\t\t\t\t<\/div>\n\t\t<\/div>\n\t\t\t\t\t\t\t<\/div>\n\t\t<\/section>\n\t\t\t\t\t\t\t<\/div>\n\t\t","protected":false},"excerpt":{"rendered":"<p>Du kan i resten af for\u00e5ret 2025 bruge kontaktformularen nedenunder til at komme i kontakt med den opl\u00f8ste Sejs-Svejb\u00e6k Hjertestarterforening Afg\u00e5ende formand:Ingrid S\u00f8nderg\u00e5rdPileurtevej 58600 SilkeborgSend mail Afg\u00e5ende kasserer:Hanne StubmanEneb\u00e6rvej 31 H8600 SilkeborgSend mail Afg\u00e5ende bestyrelsesmedlem:Henrik Busk Bestyrelsesmedlem:Vakant Bestyrelsesmedlem:Vakant Der er pt. ikke valgt nogen n\u00e6stformand, da bestyrelsen ikke er fuldtallig<\/p>\n","protected":false},"author":1,"featured_media":0,"parent":0,"menu_order":0,"comment_status":"closed","ping_status":"closed","template":"elementor_header_footer","meta":{"footnotes":""},"class_list":["post-106","page","type-page","status-publish","hentry"],"_links":{"self":[{"href":"https:\/\/sshf.dk\/index.php\/wp-json\/wp\/v2\/pages\/106"}],"collection":[{"href":"https:\/\/sshf.dk\/index.php\/wp-json\/wp\/v2\/pages"}],"about":[{"href":"https:\/\/sshf.dk\/index.php\/wp-json\/wp\/v2\/types\/page"}],"author":[{"embeddable":true,"href":"https:\/\/sshf.dk\/index.php\/wp-json\/wp\/v2\/users\/1"}],"replies":[{"embeddable":true,"href":"https:\/\/sshf.dk\/index.php\/wp-json\/wp\/v2\/comments?post=106"}],"version-history":[{"count":61,"href":"https:\/\/sshf.dk\/index.php\/wp-json\/wp\/v2\/pages\/106\/revisions"}],"predecessor-version":[{"id":738,"href":"https:\/\/sshf.dk\/index.php\/wp-json\/wp\/v2\/pages\/106\/revisions\/738"}],"wp:attachment":[{"href":"https:\/\/sshf.dk\/index.php\/wp-json\/wp\/v2\/media?parent=106"}],"curies":[{"name":"wp","href":"https:\/\/api.w.org\/{rel}","templated":true}]}}