{"id":311,"date":"2023-03-18T22:00:37","date_gmt":"2023-03-18T21:00:37","guid":{"rendered":"https:\/\/sshf.dk\/?page_id=311"},"modified":"2023-03-18T22:34:17","modified_gmt":"2023-03-18T21:34:17","slug":"hjertestarter-julsoevej-30","status":"publish","type":"page","link":"https:\/\/sshf.dk\/index.php\/hjertestarter-julsoevej-30\/","title":{"rendered":"Hjertestarter &#8211; Juls\u00f8vej 30"},"content":{"rendered":"\t\t<div data-elementor-type=\"wp-page\" data-elementor-id=\"311\" class=\"elementor elementor-311\">\n\t\t\t\t\t\t\t\t\t<section class=\"elementor-section elementor-top-section elementor-element elementor-element-94f431e elementor-section-boxed elementor-section-height-default elementor-section-height-default\" data-id=\"94f431e\" data-element_type=\"section\">\n\t\t\t\t\t\t<div class=\"elementor-container elementor-column-gap-default\">\n\t\t\t\t\t<div class=\"elementor-column elementor-col-50 elementor-top-column elementor-element elementor-element-86e7e7e\" data-id=\"86e7e7e\" data-element_type=\"column\">\n\t\t\t<div class=\"elementor-widget-wrap elementor-element-populated\">\n\t\t\t\t\t\t\t\t<div class=\"elementor-element elementor-element-cee341a elementor-widget elementor-widget-google_maps\" data-id=\"cee341a\" data-element_type=\"widget\" data-widget_type=\"google_maps.default\">\n\t\t\t\t<div class=\"elementor-widget-container\">\n\t\t\t\t\t<div class=\"elementor-custom-embed\">\n\t\t\t<iframe loading=\"lazy\"\n\t\t\t\t\tsrc=\"https:\/\/maps.google.com\/maps?q=Juls%C3%B8vej%2030%2C%208600%20Silkeborg&#038;t=m&#038;z=15&#038;output=embed&#038;iwloc=near\"\n\t\t\t\t\ttitle=\"Juls\u00f8vej 30, 8600 Silkeborg\"\n\t\t\t\t\taria-label=\"Juls\u00f8vej 30, 8600 Silkeborg\"\n\t\t\t><\/iframe>\n\t\t<\/div>\n\t\t\t\t<\/div>\n\t\t\t\t<\/div>\n\t\t\t\t<div class=\"elementor-element elementor-element-0de908f elementor-position-left elementor-vertical-align-middle elementor-widget elementor-widget-image-box\" data-id=\"0de908f\" data-element_type=\"widget\" data-widget_type=\"image-box.default\">\n\t\t\t\t<div class=\"elementor-widget-container\">\n\t\t\t<div class=\"elementor-image-box-wrapper\"><figure class=\"elementor-image-box-img\"><a href=\"https:\/\/hjertestarter.dk\/find-hjertestartere\/find-hjertestartere#id\/1000025312\/15\"><img loading=\"lazy\" decoding=\"async\" width=\"150\" height=\"150\" src=\"https:\/\/sshf.dk\/wp-content\/uploads\/2021\/04\/Trygfonden_Hjertestart_150.png\" class=\"attachment-full size-full wp-image-154\" alt=\"\" srcset=\"https:\/\/sshf.dk\/wp-content\/uploads\/2021\/04\/Trygfonden_Hjertestart_150.png 150w, https:\/\/sshf.dk\/wp-content\/uploads\/2021\/04\/Trygfonden_Hjertestart_150-100x100.png 100w\" sizes=\"(max-width: 150px) 100vw, 150px\" \/><\/a><\/figure><div class=\"elementor-image-box-content\"><h3 class=\"elementor-image-box-title\"><a href=\"https:\/\/hjertestarter.dk\/find-hjertestartere\/find-hjertestartere#id\/1000025312\/15\">Klik for at finde den p\u00e5 hjertestarter.dk<\/a><\/h3><\/div><\/div>\t\t<\/div>\n\t\t\t\t<\/div>\n\t\t\t\t\t<\/div>\n\t\t<\/div>\n\t\t\t\t<div class=\"elementor-column elementor-col-50 elementor-top-column elementor-element elementor-element-9957191\" data-id=\"9957191\" data-element_type=\"column\">\n\t\t\t<div class=\"elementor-widget-wrap elementor-element-populated\">\n\t\t\t\t\t\t\t\t<div class=\"elementor-element elementor-element-1943ba9 elementor-widget elementor-widget-text-editor\" data-id=\"1943ba9\" data-element_type=\"widget\" data-widget_type=\"text-editor.default\">\n\t\t\t\t<div class=\"elementor-widget-container\">\n\t\t\t\t\t\t\t<p><strong>Pizza &amp; Pasta Palace<br \/><\/strong>Juls\u00f8vej 30, 8600 Silkeborg.\u00a0<br \/><span style=\"color: var( --e-global-color-text ); font-size: 1rem;\">(Hjertestarteren er flyttet til den nuv\u00e6rende placering fra Sindbjergvej 1H)<\/span><\/p><p><strong>Placering<br \/><\/strong>H\u00e6nger til venstre for d\u00f8ren til Pizza &amp; Pasta Palace, lige rundt om hj\u00f8rnet. Hjertestarteren ses tydeligt fra Juls\u00f8vej.<\/p><p><b>Tilg\u00e6ngelighed<br \/><\/b>Hjertestarteren er tilg\u00e6ngelig hele d\u00f8gnet, hele \u00e5ret.<\/p><p>Denne hjertestarter driftes af Sejs-Svejb\u00e6k Hjertestarterforening.<\/p>\t\t\t\t\t\t<\/div>\n\t\t\t\t<\/div>\n\t\t\t\t<div class=\"elementor-element elementor-element-282d273 elementor-widget elementor-widget-image\" data-id=\"282d273\" data-element_type=\"widget\" data-widget_type=\"image.default\">\n\t\t\t\t<div class=\"elementor-widget-container\">\n\t\t\t\t\t\t\t\t\t\t\t\t\t\t\t<img loading=\"lazy\" decoding=\"async\" width=\"525\" height=\"389\" src=\"https:\/\/sshf.dk\/wp-content\/uploads\/2023\/03\/Placering_Julsoevej30_1-1024x758.jpg\" class=\"attachment-large size-large wp-image-652\" alt=\"Foto af facaden p\u00e5 Pizza &amp; Pasta Palace, hvor man kan se hjertestarteren til venstre for d\u00f8ren\" srcset=\"https:\/\/sshf.dk\/wp-content\/uploads\/2023\/03\/Placering_Julsoevej30_1-1024x758.jpg 1024w, https:\/\/sshf.dk\/wp-content\/uploads\/2023\/03\/Placering_Julsoevej30_1-300x222.jpg 300w, https:\/\/sshf.dk\/wp-content\/uploads\/2023\/03\/Placering_Julsoevej30_1-768x568.jpg 768w, https:\/\/sshf.dk\/wp-content\/uploads\/2023\/03\/Placering_Julsoevej30_1-24x18.jpg 24w, https:\/\/sshf.dk\/wp-content\/uploads\/2023\/03\/Placering_Julsoevej30_1-36x27.jpg 36w, https:\/\/sshf.dk\/wp-content\/uploads\/2023\/03\/Placering_Julsoevej30_1-48x36.jpg 48w, https:\/\/sshf.dk\/wp-content\/uploads\/2023\/03\/Placering_Julsoevej30_1.jpg 1050w\" sizes=\"100vw\" \/>\t\t\t\t\t\t\t\t\t\t\t\t\t\t\t<\/div>\n\t\t\t\t<\/div>\n\t\t\t\t\t<\/div>\n\t\t<\/div>\n\t\t\t\t\t\t\t<\/div>\n\t\t<\/section>\n\t\t\t\t\t\t\t<\/div>\n\t\t","protected":false},"excerpt":{"rendered":"<p>Klik for at finde den p\u00e5 hjertestarter.dk Pizza &amp; Pasta Palace Juls\u00f8vej 30, 8600 Silkeborg.&nbsp; (Hjertestarteren er flyttet til den nuv\u00e6rende placering fra Sindbjergvej 1H) Placering H\u00e6nger til venstre for d\u00f8ren til Pizza &amp; Pasta Palace, lige rundt om hj\u00f8rnet. Hjertestarteren ses tydeligt fra Juls\u00f8vej. Tilg\u00e6ngelighed Hjertestarteren er tilg\u00e6ngelig hele d\u00f8gnet, hele \u00e5ret. Denne hjertestarter &hellip; <\/p>\n<p class=\"link-more\"><a href=\"https:\/\/sshf.dk\/index.php\/hjertestarter-julsoevej-30\/\" class=\"more-link\">L\u00e6s videre<span class=\"screen-reader-text\"> &#8220;Hjertestarter &#8211; Juls\u00f8vej 30&#8221;<\/span><\/a><\/p>\n","protected":false},"author":2,"featured_media":0,"parent":0,"menu_order":0,"comment_status":"closed","ping_status":"closed","template":"elementor_header_footer","meta":{"footnotes":""},"class_list":["post-311","page","type-page","status-publish","hentry"],"_links":{"self":[{"href":"https:\/\/sshf.dk\/index.php\/wp-json\/wp\/v2\/pages\/311"}],"collection":[{"href":"https:\/\/sshf.dk\/index.php\/wp-json\/wp\/v2\/pages"}],"about":[{"href":"https:\/\/sshf.dk\/index.php\/wp-json\/wp\/v2\/types\/page"}],"author":[{"embeddable":true,"href":"https:\/\/sshf.dk\/index.php\/wp-json\/wp\/v2\/users\/2"}],"replies":[{"embeddable":true,"href":"https:\/\/sshf.dk\/index.php\/wp-json\/wp\/v2\/comments?post=311"}],"version-history":[{"count":14,"href":"https:\/\/sshf.dk\/index.php\/wp-json\/wp\/v2\/pages\/311\/revisions"}],"predecessor-version":[{"id":656,"href":"https:\/\/sshf.dk\/index.php\/wp-json\/wp\/v2\/pages\/311\/revisions\/656"}],"wp:attachment":[{"href":"https:\/\/sshf.dk\/index.php\/wp-json\/wp\/v2\/media?parent=311"}],"curies":[{"name":"wp","href":"https:\/\/api.w.org\/{rel}","templated":true}]}}