{"id":360,"date":"2021-06-07T13:59:06","date_gmt":"2021-06-07T11:59:06","guid":{"rendered":"https:\/\/sshf.dk\/?page_id=360"},"modified":"2021-06-07T14:03:50","modified_gmt":"2021-06-07T12:03:50","slug":"hjertestarter-skyttehusets-camping-og-cafe","status":"publish","type":"page","link":"https:\/\/sshf.dk\/index.php\/hjertestarter-skyttehusets-camping-og-cafe\/","title":{"rendered":"Hjertestarter &#8211; Skyttehusets Camping og Caf\u00e9"},"content":{"rendered":"\t\t<div data-elementor-type=\"wp-page\" data-elementor-id=\"360\" class=\"elementor elementor-360\">\n\t\t\t\t\t\t\t\t\t<section class=\"elementor-section elementor-top-section elementor-element elementor-element-94f431e elementor-section-boxed elementor-section-height-default elementor-section-height-default\" data-id=\"94f431e\" data-element_type=\"section\">\n\t\t\t\t\t\t<div class=\"elementor-container elementor-column-gap-default\">\n\t\t\t\t\t<div class=\"elementor-column elementor-col-50 elementor-top-column elementor-element elementor-element-86e7e7e\" data-id=\"86e7e7e\" data-element_type=\"column\">\n\t\t\t<div class=\"elementor-widget-wrap elementor-element-populated\">\n\t\t\t\t\t\t\t\t<div class=\"elementor-element elementor-element-cee341a elementor-widget elementor-widget-google_maps\" data-id=\"cee341a\" data-element_type=\"widget\" data-widget_type=\"google_maps.default\">\n\t\t\t\t<div class=\"elementor-widget-container\">\n\t\t\t\t\t<div class=\"elementor-custom-embed\">\n\t\t\t<iframe loading=\"lazy\"\n\t\t\t\t\tsrc=\"https:\/\/maps.google.com\/maps?q=Svejb%C3%A6kvej%203%2C%208600%20Silkeborg&#038;t=m&#038;z=15&#038;output=embed&#038;iwloc=near\"\n\t\t\t\t\ttitle=\"Svejb\u00e6kvej 3, 8600 Silkeborg\"\n\t\t\t\t\taria-label=\"Svejb\u00e6kvej 3, 8600 Silkeborg\"\n\t\t\t><\/iframe>\n\t\t<\/div>\n\t\t\t\t<\/div>\n\t\t\t\t<\/div>\n\t\t\t\t<div class=\"elementor-element elementor-element-0de908f elementor-position-left elementor-vertical-align-middle elementor-widget elementor-widget-image-box\" data-id=\"0de908f\" data-element_type=\"widget\" data-widget_type=\"image-box.default\">\n\t\t\t\t<div class=\"elementor-widget-container\">\n\t\t\t<div class=\"elementor-image-box-wrapper\"><figure class=\"elementor-image-box-img\"><a href=\"https:\/\/hjertestarter.dk\/find-hjertestartere\/find-hjertestartere#id\/1000030708\/15\"><img loading=\"lazy\" decoding=\"async\" width=\"150\" height=\"150\" src=\"https:\/\/sshf.dk\/wp-content\/uploads\/2021\/04\/Trygfonden_Hjertestart_150.png\" class=\"attachment-full size-full wp-image-154\" alt=\"\" srcset=\"https:\/\/sshf.dk\/wp-content\/uploads\/2021\/04\/Trygfonden_Hjertestart_150.png 150w, https:\/\/sshf.dk\/wp-content\/uploads\/2021\/04\/Trygfonden_Hjertestart_150-100x100.png 100w\" sizes=\"(max-width: 150px) 100vw, 150px\" \/><\/a><\/figure><div class=\"elementor-image-box-content\"><h3 class=\"elementor-image-box-title\"><a href=\"https:\/\/hjertestarter.dk\/find-hjertestartere\/find-hjertestartere#id\/1000030708\/15\">Klik for at finde den p\u00e5 hjertestarter.dk<\/a><\/h3><\/div><\/div>\t\t<\/div>\n\t\t\t\t<\/div>\n\t\t\t\t\t<\/div>\n\t\t<\/div>\n\t\t\t\t<div class=\"elementor-column elementor-col-50 elementor-top-column elementor-element elementor-element-9957191\" data-id=\"9957191\" data-element_type=\"column\">\n\t\t\t<div class=\"elementor-widget-wrap elementor-element-populated\">\n\t\t\t\t\t\t\t\t<div class=\"elementor-element elementor-element-1943ba9 elementor-widget elementor-widget-text-editor\" data-id=\"1943ba9\" data-element_type=\"widget\" data-widget_type=\"text-editor.default\">\n\t\t\t\t<div class=\"elementor-widget-container\">\n\t\t\t\t\t\t\t<p><strong>Skyttehusets Camping og Caf\u00e9<br \/><\/strong>Svejb\u00e6kvej 3, 8600 Silkeborg<\/p><p><strong>Placering<br \/><\/strong>Hjertestarteren h\u00e6nger p\u00e5 v\u00e6ggen lige udenfor d\u00f8ren til kiosken\/informationen p\u00e5 campingpladsen.<\/p><p><strong>OBS:<\/strong> Dette er p\u00e5 den modsatte side af sn\u00e6vringen &#8211; overfor \u00c5lekroen og alts\u00e5 ikke p\u00e5 Svejb\u00e6k siden<\/p><p><b>Tilg\u00e6ngelighed<br \/><\/b>Hjertestarteren er tilg\u00e6ngelig hele d\u00f8gnet, hele \u00e5ret.<\/p>\t\t\t\t\t\t<\/div>\n\t\t\t\t<\/div>\n\t\t\t\t<div class=\"elementor-element elementor-element-af15002 elementor-widget elementor-widget-image\" data-id=\"af15002\" data-element_type=\"widget\" data-widget_type=\"image.default\">\n\t\t\t\t<div class=\"elementor-widget-container\">\n\t\t\t\t\t\t\t\t\t\t\t\t\t\t\t<img loading=\"lazy\" decoding=\"async\" width=\"525\" height=\"336\" src=\"https:\/\/sshf.dk\/wp-content\/uploads\/2021\/06\/skyttehuset1-1024x655.jpg\" class=\"attachment-large size-large wp-image-364\" alt=\"\" srcset=\"https:\/\/sshf.dk\/wp-content\/uploads\/2021\/06\/skyttehuset1-1024x655.jpg 1024w, https:\/\/sshf.dk\/wp-content\/uploads\/2021\/06\/skyttehuset1-300x192.jpg 300w, https:\/\/sshf.dk\/wp-content\/uploads\/2021\/06\/skyttehuset1-768x491.jpg 768w, https:\/\/sshf.dk\/wp-content\/uploads\/2021\/06\/skyttehuset1.jpg 1512w\" sizes=\"100vw\" \/>\t\t\t\t\t\t\t\t\t\t\t\t\t\t\t<\/div>\n\t\t\t\t<\/div>\n\t\t\t\t<div class=\"elementor-element elementor-element-282d273 elementor-widget elementor-widget-image\" data-id=\"282d273\" data-element_type=\"widget\" data-widget_type=\"image.default\">\n\t\t\t\t<div class=\"elementor-widget-container\">\n\t\t\t\t\t\t\t\t\t\t\t\t\t\t\t<img loading=\"lazy\" decoding=\"async\" width=\"525\" height=\"336\" src=\"https:\/\/sshf.dk\/wp-content\/uploads\/2021\/06\/skyttehuset2-1024x655.jpg\" class=\"attachment-large size-large wp-image-363\" alt=\"\" srcset=\"https:\/\/sshf.dk\/wp-content\/uploads\/2021\/06\/skyttehuset2-1024x655.jpg 1024w, https:\/\/sshf.dk\/wp-content\/uploads\/2021\/06\/skyttehuset2-300x192.jpg 300w, https:\/\/sshf.dk\/wp-content\/uploads\/2021\/06\/skyttehuset2-768x491.jpg 768w, https:\/\/sshf.dk\/wp-content\/uploads\/2021\/06\/skyttehuset2.jpg 1512w\" sizes=\"100vw\" \/>\t\t\t\t\t\t\t\t\t\t\t\t\t\t\t<\/div>\n\t\t\t\t<\/div>\n\t\t\t\t\t<\/div>\n\t\t<\/div>\n\t\t\t\t\t\t\t<\/div>\n\t\t<\/section>\n\t\t\t\t\t\t\t<\/div>\n\t\t","protected":false},"excerpt":{"rendered":"<p>Klik for at finde den p\u00e5 hjertestarter.dk Skyttehusets Camping og Caf\u00e9Svejb\u00e6kvej 3, 8600 Silkeborg PlaceringHjertestarteren h\u00e6nger p\u00e5 v\u00e6ggen lige udenfor d\u00f8ren til kiosken\/informationen p\u00e5 campingpladsen. OBS: Dette er p\u00e5 den modsatte side af sn\u00e6vringen &#8211; overfor \u00c5lekroen og alts\u00e5 ikke p\u00e5 Svejb\u00e6k siden Tilg\u00e6ngelighedHjertestarteren er tilg\u00e6ngelig hele d\u00f8gnet, hele \u00e5ret.<\/p>\n","protected":false},"author":1,"featured_media":0,"parent":0,"menu_order":0,"comment_status":"closed","ping_status":"closed","template":"elementor_header_footer","meta":{"footnotes":""},"class_list":["post-360","page","type-page","status-publish","hentry"],"_links":{"self":[{"href":"https:\/\/sshf.dk\/index.php\/wp-json\/wp\/v2\/pages\/360"}],"collection":[{"href":"https:\/\/sshf.dk\/index.php\/wp-json\/wp\/v2\/pages"}],"about":[{"href":"https:\/\/sshf.dk\/index.php\/wp-json\/wp\/v2\/types\/page"}],"author":[{"embeddable":true,"href":"https:\/\/sshf.dk\/index.php\/wp-json\/wp\/v2\/users\/1"}],"replies":[{"embeddable":true,"href":"https:\/\/sshf.dk\/index.php\/wp-json\/wp\/v2\/comments?post=360"}],"version-history":[{"count":4,"href":"https:\/\/sshf.dk\/index.php\/wp-json\/wp\/v2\/pages\/360\/revisions"}],"predecessor-version":[{"id":367,"href":"https:\/\/sshf.dk\/index.php\/wp-json\/wp\/v2\/pages\/360\/revisions\/367"}],"wp:attachment":[{"href":"https:\/\/sshf.dk\/index.php\/wp-json\/wp\/v2\/media?parent=360"}],"curies":[{"name":"wp","href":"https:\/\/api.w.org\/{rel}","templated":true}]}}