{"id":376,"date":"2021-06-07T14:21:54","date_gmt":"2021-06-07T12:21:54","guid":{"rendered":"https:\/\/sshf.dk\/?page_id=376"},"modified":"2023-03-12T17:20:47","modified_gmt":"2023-03-12T16:20:47","slug":"hjertestarter-julsoevej-249","status":"publish","type":"page","link":"https:\/\/sshf.dk\/index.php\/hjertestarter-julsoevej-249\/","title":{"rendered":"Hjertestarter &#8211; Juls\u00f8vej 249"},"content":{"rendered":"\t\t<div data-elementor-type=\"wp-page\" data-elementor-id=\"376\" class=\"elementor elementor-376\">\n\t\t\t\t\t\t\t\t\t<section class=\"elementor-section elementor-top-section elementor-element elementor-element-94f431e elementor-section-boxed elementor-section-height-default elementor-section-height-default\" data-id=\"94f431e\" data-element_type=\"section\">\n\t\t\t\t\t\t<div class=\"elementor-container elementor-column-gap-default\">\n\t\t\t\t\t<div class=\"elementor-column elementor-col-50 elementor-top-column elementor-element elementor-element-86e7e7e\" data-id=\"86e7e7e\" data-element_type=\"column\">\n\t\t\t<div class=\"elementor-widget-wrap elementor-element-populated\">\n\t\t\t\t\t\t\t\t<div class=\"elementor-element elementor-element-cee341a elementor-widget elementor-widget-google_maps\" data-id=\"cee341a\" data-element_type=\"widget\" data-widget_type=\"google_maps.default\">\n\t\t\t\t<div class=\"elementor-widget-container\">\n\t\t\t\t\t<div class=\"elementor-custom-embed\">\n\t\t\t<iframe loading=\"lazy\"\n\t\t\t\t\tsrc=\"https:\/\/maps.google.com\/maps?q=Juls%C3%B8vej%20249%2C%208600%20Silkeborg&#038;t=m&#038;z=15&#038;output=embed&#038;iwloc=near\"\n\t\t\t\t\ttitle=\"Juls\u00f8vej 249, 8600 Silkeborg\"\n\t\t\t\t\taria-label=\"Juls\u00f8vej 249, 8600 Silkeborg\"\n\t\t\t><\/iframe>\n\t\t<\/div>\n\t\t\t\t<\/div>\n\t\t\t\t<\/div>\n\t\t\t\t<div class=\"elementor-element elementor-element-0de908f elementor-position-left elementor-vertical-align-middle elementor-widget elementor-widget-image-box\" data-id=\"0de908f\" data-element_type=\"widget\" data-widget_type=\"image-box.default\">\n\t\t\t\t<div class=\"elementor-widget-container\">\n\t\t\t<div class=\"elementor-image-box-wrapper\"><figure class=\"elementor-image-box-img\"><a href=\"https:\/\/hjertestarter.dk\/find-hjertestartere\/find-hjertestartere#id\/1000033313\/15\"><img loading=\"lazy\" decoding=\"async\" width=\"150\" height=\"150\" src=\"https:\/\/sshf.dk\/wp-content\/uploads\/2021\/04\/Trygfonden_Hjertestart_150.png\" class=\"attachment-full size-full wp-image-154\" alt=\"\" srcset=\"https:\/\/sshf.dk\/wp-content\/uploads\/2021\/04\/Trygfonden_Hjertestart_150.png 150w, https:\/\/sshf.dk\/wp-content\/uploads\/2021\/04\/Trygfonden_Hjertestart_150-100x100.png 100w\" sizes=\"(max-width: 150px) 100vw, 150px\" \/><\/a><\/figure><div class=\"elementor-image-box-content\"><h3 class=\"elementor-image-box-title\"><a href=\"https:\/\/hjertestarter.dk\/find-hjertestartere\/find-hjertestartere#id\/1000033313\/15\">Klik for at finde den p\u00e5 hjertestarter.dk<\/a><\/h3><\/div><\/div>\t\t<\/div>\n\t\t\t\t<\/div>\n\t\t\t\t\t<\/div>\n\t\t<\/div>\n\t\t\t\t<div class=\"elementor-column elementor-col-50 elementor-top-column elementor-element elementor-element-9957191\" data-id=\"9957191\" data-element_type=\"column\">\n\t\t\t<div class=\"elementor-widget-wrap elementor-element-populated\">\n\t\t\t\t\t\t\t\t<div class=\"elementor-element elementor-element-1943ba9 elementor-widget elementor-widget-text-editor\" data-id=\"1943ba9\" data-element_type=\"widget\" data-widget_type=\"text-editor.default\">\n\t\t\t\t<div class=\"elementor-widget-container\">\n\t\t\t\t\t\t\t<p><b>Juls\u00f8vej&nbsp;<br><\/b><span style=\"color: var( --e-global-color-text ); font-size: 1rem;\">Juls\u00f8vej 249, Svejb\u00e6k, 8600 Silkeborg<\/span><\/p>\n<p><strong>Placering<br><\/strong>H\u00e6nger p\u00e5 v\u00e6ggen i den \u00e5bne garage.<\/p><p>Denne hjertestarter driftes af Sejs-Svejb\u00e6k Hjertestarterforening<\/p>\n<p><b>Tilg\u00e6ngelighed<br><\/b>Hjertestarteren er tilg\u00e6ngelig hele d\u00f8gnet, hele \u00e5ret.<\/p>\n<p>Foto kommer.<\/p>\t\t\t\t\t\t<\/div>\n\t\t\t\t<\/div>\n\t\t\t\t\t<\/div>\n\t\t<\/div>\n\t\t\t\t\t\t\t<\/div>\n\t\t<\/section>\n\t\t\t\t\t\t\t<\/div>\n\t\t","protected":false},"excerpt":{"rendered":"<p>Klik for at finde den p\u00e5 hjertestarter.dk Juls\u00f8vej&nbsp;Juls\u00f8vej 249, Svejb\u00e6k, 8600 Silkeborg PlaceringH\u00e6nger p\u00e5 v\u00e6ggen i den \u00e5bne garage. Denne hjertestarter driftes af Sejs-Svejb\u00e6k Hjertestarterforening Tilg\u00e6ngelighedHjertestarteren er tilg\u00e6ngelig hele d\u00f8gnet, hele \u00e5ret. Foto kommer.<\/p>\n","protected":false},"author":1,"featured_media":0,"parent":0,"menu_order":0,"comment_status":"closed","ping_status":"closed","template":"elementor_header_footer","meta":{"footnotes":""},"class_list":["post-376","page","type-page","status-publish","hentry"],"_links":{"self":[{"href":"https:\/\/sshf.dk\/index.php\/wp-json\/wp\/v2\/pages\/376"}],"collection":[{"href":"https:\/\/sshf.dk\/index.php\/wp-json\/wp\/v2\/pages"}],"about":[{"href":"https:\/\/sshf.dk\/index.php\/wp-json\/wp\/v2\/types\/page"}],"author":[{"embeddable":true,"href":"https:\/\/sshf.dk\/index.php\/wp-json\/wp\/v2\/users\/1"}],"replies":[{"embeddable":true,"href":"https:\/\/sshf.dk\/index.php\/wp-json\/wp\/v2\/comments?post=376"}],"version-history":[{"count":4,"href":"https:\/\/sshf.dk\/index.php\/wp-json\/wp\/v2\/pages\/376\/revisions"}],"predecessor-version":[{"id":580,"href":"https:\/\/sshf.dk\/index.php\/wp-json\/wp\/v2\/pages\/376\/revisions\/580"}],"wp:attachment":[{"href":"https:\/\/sshf.dk\/index.php\/wp-json\/wp\/v2\/media?parent=376"}],"curies":[{"name":"wp","href":"https:\/\/api.w.org\/{rel}","templated":true}]}}