{"id":378,"date":"2021-06-07T14:22:17","date_gmt":"2021-06-07T12:22:17","guid":{"rendered":"https:\/\/sshf.dk\/?page_id=378"},"modified":"2023-03-12T17:40:40","modified_gmt":"2023-03-12T16:40:40","slug":"hjertestarter-sejs-skolehal","status":"publish","type":"page","link":"https:\/\/sshf.dk\/index.php\/hjertestarter-sejs-skolehal\/","title":{"rendered":"Hjertestarter &#8211; Sejs skolehal"},"content":{"rendered":"\t\t<div data-elementor-type=\"wp-page\" data-elementor-id=\"378\" class=\"elementor elementor-378\">\n\t\t\t\t\t\t\t\t\t<section class=\"elementor-section elementor-top-section elementor-element elementor-element-94f431e elementor-section-boxed elementor-section-height-default elementor-section-height-default\" data-id=\"94f431e\" data-element_type=\"section\">\n\t\t\t\t\t\t<div class=\"elementor-container elementor-column-gap-default\">\n\t\t\t\t\t<div class=\"elementor-column elementor-col-50 elementor-top-column elementor-element elementor-element-86e7e7e\" data-id=\"86e7e7e\" data-element_type=\"column\">\n\t\t\t<div class=\"elementor-widget-wrap elementor-element-populated\">\n\t\t\t\t\t\t\t\t<div class=\"elementor-element elementor-element-cee341a elementor-widget elementor-widget-google_maps\" data-id=\"cee341a\" data-element_type=\"widget\" data-widget_type=\"google_maps.default\">\n\t\t\t\t<div class=\"elementor-widget-container\">\n\t\t\t\t\t<div class=\"elementor-custom-embed\">\n\t\t\t<iframe loading=\"lazy\"\n\t\t\t\t\tsrc=\"https:\/\/maps.google.com\/maps?q=Tytteb%C3%A6rvej%201%2C%208600%20Silkeborg&#038;t=m&#038;z=15&#038;output=embed&#038;iwloc=near\"\n\t\t\t\t\ttitle=\"Tytteb\u00e6rvej 1, 8600 Silkeborg\"\n\t\t\t\t\taria-label=\"Tytteb\u00e6rvej 1, 8600 Silkeborg\"\n\t\t\t><\/iframe>\n\t\t<\/div>\n\t\t\t\t<\/div>\n\t\t\t\t<\/div>\n\t\t\t\t\t<\/div>\n\t\t<\/div>\n\t\t\t\t<div class=\"elementor-column elementor-col-50 elementor-top-column elementor-element elementor-element-9957191\" data-id=\"9957191\" data-element_type=\"column\">\n\t\t\t<div class=\"elementor-widget-wrap elementor-element-populated\">\n\t\t\t\t\t\t\t\t<div class=\"elementor-element elementor-element-1943ba9 elementor-widget elementor-widget-text-editor\" data-id=\"1943ba9\" data-element_type=\"widget\" data-widget_type=\"text-editor.default\">\n\t\t\t\t<div class=\"elementor-widget-container\">\n\t\t\t\t\t\t\t<p><strong>Sejs Skole, skolehallen &#8211; hjertestarteren findes ikke l\u00e6ngere p\u00e5 hjertestarter.dk?<br><\/strong>Tytteb\u00e6rvej 1, 8600 Silkeborg<\/p>\n<p><strong>Placering<br><\/strong>Inde i indgangspartiet, t\u00e6t ved indgangen til selve hallen<\/p>\n<p><b>Tilg\u00e6ngelighed<br><\/b>Hjertestarteren er kun tilg\u00e6ngelig i hallens \u00e5bningstid<\/p>\t\t\t\t\t\t<\/div>\n\t\t\t\t<\/div>\n\t\t\t\t\t<\/div>\n\t\t<\/div>\n\t\t\t\t\t\t\t<\/div>\n\t\t<\/section>\n\t\t\t\t\t\t\t<\/div>\n\t\t","protected":false},"excerpt":{"rendered":"<p>Sejs Skole, skolehallen &#8211; hjertestarteren findes ikke l\u00e6ngere p\u00e5 hjertestarter.dk?Tytteb\u00e6rvej 1, 8600 Silkeborg PlaceringInde i indgangspartiet, t\u00e6t ved indgangen til selve hallen Tilg\u00e6ngelighedHjertestarteren er kun tilg\u00e6ngelig i hallens \u00e5bningstid<\/p>\n","protected":false},"author":1,"featured_media":0,"parent":0,"menu_order":0,"comment_status":"closed","ping_status":"closed","template":"elementor_header_footer","meta":{"footnotes":""},"class_list":["post-378","page","type-page","status-publish","hentry"],"_links":{"self":[{"href":"https:\/\/sshf.dk\/index.php\/wp-json\/wp\/v2\/pages\/378"}],"collection":[{"href":"https:\/\/sshf.dk\/index.php\/wp-json\/wp\/v2\/pages"}],"about":[{"href":"https:\/\/sshf.dk\/index.php\/wp-json\/wp\/v2\/types\/page"}],"author":[{"embeddable":true,"href":"https:\/\/sshf.dk\/index.php\/wp-json\/wp\/v2\/users\/1"}],"replies":[{"embeddable":true,"href":"https:\/\/sshf.dk\/index.php\/wp-json\/wp\/v2\/comments?post=378"}],"version-history":[{"count":7,"href":"https:\/\/sshf.dk\/index.php\/wp-json\/wp\/v2\/pages\/378\/revisions"}],"predecessor-version":[{"id":603,"href":"https:\/\/sshf.dk\/index.php\/wp-json\/wp\/v2\/pages\/378\/revisions\/603"}],"wp:attachment":[{"href":"https:\/\/sshf.dk\/index.php\/wp-json\/wp\/v2\/media?parent=378"}],"curies":[{"name":"wp","href":"https:\/\/api.w.org\/{rel}","templated":true}]}}