{"id":95,"date":"2021-04-29T12:15:04","date_gmt":"2021-04-29T10:15:04","guid":{"rendered":"https:\/\/sshf.dk\/?page_id=95"},"modified":"2024-06-23T16:21:26","modified_gmt":"2024-06-23T14:21:26","slug":"hjertestartere","status":"publish","type":"page","link":"https:\/\/sshf.dk\/index.php\/hjertestartere\/","title":{"rendered":"Hjertestartere"},"content":{"rendered":"\t\t<div data-elementor-type=\"wp-page\" data-elementor-id=\"95\" class=\"elementor elementor-95\">\n\t\t\t\t\t\t\t\t\t<section class=\"elementor-section elementor-top-section elementor-element elementor-element-a2a7350 elementor-section-content-middle elementor-section-boxed elementor-section-height-default elementor-section-height-default\" data-id=\"a2a7350\" data-element_type=\"section\">\n\t\t\t\t\t\t<div class=\"elementor-container elementor-column-gap-default\">\n\t\t\t\t\t<div class=\"elementor-column elementor-col-50 elementor-top-column elementor-element elementor-element-0d034b8\" data-id=\"0d034b8\" data-element_type=\"column\">\n\t\t\t<div class=\"elementor-widget-wrap elementor-element-populated\">\n\t\t\t\t\t\t\t\t<div class=\"elementor-element elementor-element-d3f8f81 elementor-widget elementor-widget-image\" data-id=\"d3f8f81\" data-element_type=\"widget\" data-widget_type=\"image.default\">\n\t\t\t\t<div class=\"elementor-widget-container\">\n\t\t\t\t\t\t\t\t\t\t\t\t\t\t\t<img loading=\"lazy\" decoding=\"async\" width=\"225\" height=\"150\" src=\"https:\/\/sshf.dk\/wp-content\/uploads\/2021\/04\/hjertestarter_map_logo.jpg\" class=\"attachment-large size-large wp-image-164\" alt=\"\" sizes=\"100vw\" \/>\t\t\t\t\t\t\t\t\t\t\t\t\t\t\t<\/div>\n\t\t\t\t<\/div>\n\t\t\t\t\t<\/div>\n\t\t<\/div>\n\t\t\t\t<div class=\"elementor-column elementor-col-50 elementor-top-column elementor-element elementor-element-d3f626f\" data-id=\"d3f626f\" data-element_type=\"column\">\n\t\t\t<div class=\"elementor-widget-wrap elementor-element-populated\">\n\t\t\t\t\t\t\t\t<div class=\"elementor-element elementor-element-ae1c5ec elementor-widget elementor-widget-text-editor\" data-id=\"ae1c5ec\" data-element_type=\"widget\" data-widget_type=\"text-editor.default\">\n\t\t\t\t<div class=\"elementor-widget-container\">\n\t\t\t\t\t\t\t<p>Nedenunder finder du de hjertestartere, der er i Sejs-Svejb\u00e6k. Klik p\u00e5 billederne for at komme videre til en side, hvor du kan l\u00e6se n\u00e6rmere omkring placering, tilg\u00e6ngelighed og se billeder.\u00a0<\/p><p>Hjertestarterne er oplistet fra vest mod \u00f8st, yderpunkterne er Hatten\u00e6s mod Skyttehusets Camping, som ligger p\u00e5 den anden side af Guden\u00e5en ud for Ludvigslyst\/Aalekroen.<\/p>\t\t\t\t\t\t<\/div>\n\t\t\t\t<\/div>\n\t\t\t\t\t<\/div>\n\t\t<\/div>\n\t\t\t\t\t\t\t<\/div>\n\t\t<\/section>\n\t\t\t\t<section class=\"elementor-section elementor-top-section elementor-element elementor-element-d54429a elementor-section-boxed elementor-section-height-default elementor-section-height-default\" data-id=\"d54429a\" data-element_type=\"section\">\n\t\t\t\t\t\t<div class=\"elementor-container elementor-column-gap-default\">\n\t\t\t\t\t<div class=\"elementor-column elementor-col-33 elementor-top-column elementor-element elementor-element-a9f90ef\" data-id=\"a9f90ef\" data-element_type=\"column\">\n\t\t\t<div class=\"elementor-widget-wrap elementor-element-populated\">\n\t\t\t\t\t\t\t\t<div class=\"elementor-element elementor-element-16dd4c8 elementor-position-top elementor-vertical-align-top elementor-widget elementor-widget-image-box\" data-id=\"16dd4c8\" data-element_type=\"widget\" data-widget_type=\"image-box.default\">\n\t\t\t\t<div class=\"elementor-widget-container\">\n\t\t\t<div class=\"elementor-image-box-wrapper\"><figure class=\"elementor-image-box-img\"><a href=\"https:\/\/sshf.dk\/index.php\/hjertestarter-silkeborg-sejlklub\/\"><img loading=\"lazy\" decoding=\"async\" width=\"700\" height=\"700\" src=\"https:\/\/sshf.dk\/wp-content\/uploads\/2021\/04\/HS-SSK-Map.png\" class=\"elementor-animation-shrink attachment-full size-full wp-image-243\" alt=\"\" srcset=\"https:\/\/sshf.dk\/wp-content\/uploads\/2021\/04\/HS-SSK-Map.png 700w, https:\/\/sshf.dk\/wp-content\/uploads\/2021\/04\/HS-SSK-Map-300x300.png 300w, https:\/\/sshf.dk\/wp-content\/uploads\/2021\/04\/HS-SSK-Map-150x150.png 150w, https:\/\/sshf.dk\/wp-content\/uploads\/2021\/04\/HS-SSK-Map-100x100.png 100w\" sizes=\"(max-width: 700px) 100vw, 700px\" \/><\/a><\/figure><div class=\"elementor-image-box-content\"><h4 class=\"elementor-image-box-title\"><a href=\"https:\/\/sshf.dk\/index.php\/hjertestarter-silkeborg-sejlklub\/\">Silkeborg Sejlklub, Hatten\u00e6s 2C<\/a><\/h4><p class=\"elementor-image-box-description\">Tilg\u00e6ngelighed: D\u00f8gn\u00e5ben<\/p><\/div><\/div>\t\t<\/div>\n\t\t\t\t<\/div>\n\t\t\t\t<div class=\"elementor-element elementor-element-3dd9c3e elementor-position-top elementor-vertical-align-top elementor-widget elementor-widget-image-box\" data-id=\"3dd9c3e\" data-element_type=\"widget\" data-widget_type=\"image-box.default\">\n\t\t\t\t<div class=\"elementor-widget-container\">\n\t\t\t<div class=\"elementor-image-box-wrapper\"><figure class=\"elementor-image-box-img\"><a href=\"https:\/\/sshf.dk\/index.php\/hjertestarter-julsoevej-249\"><img loading=\"lazy\" decoding=\"async\" width=\"898\" height=\"791\" src=\"https:\/\/sshf.dk\/wp-content\/uploads\/2024\/06\/Kort_Julsoevej100.jpg\" class=\"elementor-animation-shrink attachment-full size-full wp-image-673\" alt=\"Kortudsnit over Juls\u00f8vej 100, Rema1000\" srcset=\"https:\/\/sshf.dk\/wp-content\/uploads\/2024\/06\/Kort_Julsoevej100.jpg 898w, https:\/\/sshf.dk\/wp-content\/uploads\/2024\/06\/Kort_Julsoevej100-300x264.jpg 300w, https:\/\/sshf.dk\/wp-content\/uploads\/2024\/06\/Kort_Julsoevej100-768x676.jpg 768w, https:\/\/sshf.dk\/wp-content\/uploads\/2024\/06\/Kort_Julsoevej100-24x21.jpg 24w, https:\/\/sshf.dk\/wp-content\/uploads\/2024\/06\/Kort_Julsoevej100-36x32.jpg 36w, https:\/\/sshf.dk\/wp-content\/uploads\/2024\/06\/Kort_Julsoevej100-48x42.jpg 48w\" sizes=\"(max-width: 767px) 89vw, (max-width: 1000px) 54vw, (max-width: 1071px) 543px, 580px\" \/><\/a><\/figure><div class=\"elementor-image-box-content\"><h4 class=\"elementor-image-box-title\"><a href=\"https:\/\/sshf.dk\/index.php\/hjertestarter-julsoevej-249\">Rema1000, Juls\u00f8vej 100, Sejs<\/a><\/h4><p class=\"elementor-image-box-description\">Tilg\u00e6ngelighed: D\u00f8gn\u00e5ben.<\/p><\/div><\/div>\t\t<\/div>\n\t\t\t\t<\/div>\n\t\t\t\t<div class=\"elementor-element elementor-element-e3a627d elementor-position-top elementor-vertical-align-top elementor-widget elementor-widget-image-box\" data-id=\"e3a627d\" data-element_type=\"widget\" data-widget_type=\"image-box.default\">\n\t\t\t\t<div class=\"elementor-widget-container\">\n\t\t\t<div class=\"elementor-image-box-wrapper\"><figure class=\"elementor-image-box-img\"><a href=\"https:\/\/sshf.dk\/index.php\/hjertestarter-georg-krugersvej_234\"><img loading=\"lazy\" decoding=\"async\" width=\"713\" height=\"585\" src=\"https:\/\/sshf.dk\/wp-content\/uploads\/2023\/03\/Kort-GeorgKrugersVej234.jpg\" class=\"elementor-animation-shrink attachment-full size-full wp-image-535\" alt=\"Kortudsnit over Georg Kr\u00fcgers Vej 234\" srcset=\"https:\/\/sshf.dk\/wp-content\/uploads\/2023\/03\/Kort-GeorgKrugersVej234.jpg 713w, https:\/\/sshf.dk\/wp-content\/uploads\/2023\/03\/Kort-GeorgKrugersVej234-300x246.jpg 300w, https:\/\/sshf.dk\/wp-content\/uploads\/2023\/03\/Kort-GeorgKrugersVej234-24x20.jpg 24w, https:\/\/sshf.dk\/wp-content\/uploads\/2023\/03\/Kort-GeorgKrugersVej234-36x30.jpg 36w, https:\/\/sshf.dk\/wp-content\/uploads\/2023\/03\/Kort-GeorgKrugersVej234-48x39.jpg 48w\" sizes=\"(max-width: 713px) 100vw, 713px\" \/><\/a><\/figure><div class=\"elementor-image-box-content\"><h4 class=\"elementor-image-box-title\"><a href=\"https:\/\/sshf.dk\/index.php\/hjertestarter-georg-krugersvej_234\">F\u00e6lleshuset, Georg Kr\u00fcgers Vej 234<\/a><\/h4><p class=\"elementor-image-box-description\">Tilg\u00e6ngelighed: D\u00f8gn\u00e5ben<\/p><\/div><\/div>\t\t<\/div>\n\t\t\t\t<\/div>\n\t\t\t\t<div class=\"elementor-element elementor-element-496750d elementor-position-top elementor-vertical-align-top elementor-widget elementor-widget-image-box\" data-id=\"496750d\" data-element_type=\"widget\" data-widget_type=\"image-box.default\">\n\t\t\t\t<div class=\"elementor-widget-container\">\n\t\t\t<div class=\"elementor-image-box-wrapper\"><figure class=\"elementor-image-box-img\"><a href=\"https:\/\/sshf.dk\/index.php\/hjertestarter-skyttehusets-camping-og-cafe\/\"><img loading=\"lazy\" decoding=\"async\" width=\"720\" height=\"720\" src=\"https:\/\/sshf.dk\/wp-content\/uploads\/2021\/06\/HS-Skyttehuset.jpg\" class=\"elementor-animation-shrink attachment-full size-full wp-image-368\" alt=\"\" srcset=\"https:\/\/sshf.dk\/wp-content\/uploads\/2021\/06\/HS-Skyttehuset.jpg 720w, https:\/\/sshf.dk\/wp-content\/uploads\/2021\/06\/HS-Skyttehuset-300x300.jpg 300w, https:\/\/sshf.dk\/wp-content\/uploads\/2021\/06\/HS-Skyttehuset-150x150.jpg 150w, https:\/\/sshf.dk\/wp-content\/uploads\/2021\/06\/HS-Skyttehuset-100x100.jpg 100w\" sizes=\"(max-width: 720px) 100vw, 720px\" \/><\/a><\/figure><div class=\"elementor-image-box-content\"><h4 class=\"elementor-image-box-title\"><a href=\"https:\/\/sshf.dk\/index.php\/hjertestarter-skyttehusets-camping-og-cafe\/\">Skyttehusets Camping, Svejb\u00e6kvej 3<\/a><\/h4><p class=\"elementor-image-box-description\">Tilg\u00e6ngelighed: D\u00f8gn\u00e5ben<\/p><\/div><\/div>\t\t<\/div>\n\t\t\t\t<\/div>\n\t\t\t\t\t<\/div>\n\t\t<\/div>\n\t\t\t\t<div class=\"elementor-column elementor-col-33 elementor-top-column elementor-element elementor-element-0ae900e\" data-id=\"0ae900e\" data-element_type=\"column\">\n\t\t\t<div class=\"elementor-widget-wrap elementor-element-populated\">\n\t\t\t\t\t\t\t\t<div class=\"elementor-element elementor-element-60b5a88 elementor-position-top elementor-vertical-align-top elementor-widget elementor-widget-image-box\" data-id=\"60b5a88\" data-element_type=\"widget\" data-widget_type=\"image-box.default\">\n\t\t\t\t<div class=\"elementor-widget-container\">\n\t\t\t<div class=\"elementor-image-box-wrapper\"><figure class=\"elementor-image-box-img\"><a href=\"https:\/\/sshf.dk\/index.php\/hjertestarter-sindbjergvej-1-2\/\"><img loading=\"lazy\" decoding=\"async\" width=\"720\" height=\"720\" src=\"https:\/\/sshf.dk\/wp-content\/uploads\/2021\/06\/HS-Brassovej.jpg\" class=\"elementor-animation-shrink attachment-full size-full wp-image-356\" alt=\"\" srcset=\"https:\/\/sshf.dk\/wp-content\/uploads\/2021\/06\/HS-Brassovej.jpg 720w, https:\/\/sshf.dk\/wp-content\/uploads\/2021\/06\/HS-Brassovej-300x300.jpg 300w, https:\/\/sshf.dk\/wp-content\/uploads\/2021\/06\/HS-Brassovej-150x150.jpg 150w, https:\/\/sshf.dk\/wp-content\/uploads\/2021\/06\/HS-Brassovej-100x100.jpg 100w\" sizes=\"(max-width: 720px) 100vw, 720px\" \/><\/a><\/figure><div class=\"elementor-image-box-content\"><h4 class=\"elementor-image-box-title\"><a href=\"https:\/\/sshf.dk\/index.php\/hjertestarter-sindbjergvej-1-2\/\">Brass\u00f8vej 32, Sejs<\/a><\/h4><p class=\"elementor-image-box-description\">Tilg\u00e6ngelighed: D\u00f8gn\u00e5ben<\/p><\/div><\/div>\t\t<\/div>\n\t\t\t\t<\/div>\n\t\t\t\t<div class=\"elementor-element elementor-element-61de501 elementor-position-top elementor-vertical-align-top elementor-widget elementor-widget-image-box\" data-id=\"61de501\" data-element_type=\"widget\" data-widget_type=\"image-box.default\">\n\t\t\t\t<div class=\"elementor-widget-container\">\n\t\t\t<div class=\"elementor-image-box-wrapper\"><figure class=\"elementor-image-box-img\"><a href=\"https:\/\/sshf.dk\/index.php\/hjertestarter-sejs-skole\/\"><img loading=\"lazy\" decoding=\"async\" width=\"720\" height=\"720\" src=\"https:\/\/sshf.dk\/wp-content\/uploads\/2021\/04\/HS-Sejs-skole.jpg\" class=\"elementor-animation-shrink attachment-full size-full wp-image-169\" alt=\"\" srcset=\"https:\/\/sshf.dk\/wp-content\/uploads\/2021\/04\/HS-Sejs-skole.jpg 720w, https:\/\/sshf.dk\/wp-content\/uploads\/2021\/04\/HS-Sejs-skole-300x300.jpg 300w, https:\/\/sshf.dk\/wp-content\/uploads\/2021\/04\/HS-Sejs-skole-150x150.jpg 150w, https:\/\/sshf.dk\/wp-content\/uploads\/2021\/04\/HS-Sejs-skole-100x100.jpg 100w\" sizes=\"(max-width: 720px) 100vw, 720px\" \/><\/a><\/figure><div class=\"elementor-image-box-content\"><h4 class=\"elementor-image-box-title\"><a href=\"https:\/\/sshf.dk\/index.php\/hjertestarter-sejs-skole\/\">Sejs Skole, Tytteb\u00e6rvej 1<\/a><\/h4><p class=\"elementor-image-box-description\">Tilg\u00e6ngelighed: D\u00f8gn\u00e5ben<\/p><\/div><\/div>\t\t<\/div>\n\t\t\t\t<\/div>\n\t\t\t\t<div class=\"elementor-element elementor-element-950dd74 elementor-position-top elementor-vertical-align-top elementor-widget elementor-widget-image-box\" data-id=\"950dd74\" data-element_type=\"widget\" data-widget_type=\"image-box.default\">\n\t\t\t\t<div class=\"elementor-widget-container\">\n\t\t\t<div class=\"elementor-image-box-wrapper\"><figure class=\"elementor-image-box-img\"><a href=\"https:\/\/sshf.dk\/index.php\/hjertestarter-julsoevej-201\"><img loading=\"lazy\" decoding=\"async\" width=\"595\" height=\"511\" src=\"https:\/\/sshf.dk\/wp-content\/uploads\/2023\/03\/Kort-Julsoevej201_Zolo.jpg\" class=\"elementor-animation-shrink attachment-full size-full wp-image-545\" alt=\"Kortudsnit over Juls\u00f8vej 201, Zolo International Trading\" srcset=\"https:\/\/sshf.dk\/wp-content\/uploads\/2023\/03\/Kort-Julsoevej201_Zolo.jpg 595w, https:\/\/sshf.dk\/wp-content\/uploads\/2023\/03\/Kort-Julsoevej201_Zolo-300x258.jpg 300w, https:\/\/sshf.dk\/wp-content\/uploads\/2023\/03\/Kort-Julsoevej201_Zolo-24x21.jpg 24w, https:\/\/sshf.dk\/wp-content\/uploads\/2023\/03\/Kort-Julsoevej201_Zolo-36x31.jpg 36w, https:\/\/sshf.dk\/wp-content\/uploads\/2023\/03\/Kort-Julsoevej201_Zolo-48x41.jpg 48w\" sizes=\"(max-width: 595px) 100vw, 595px\" \/><\/a><\/figure><div class=\"elementor-image-box-content\"><h4 class=\"elementor-image-box-title\"><a href=\"https:\/\/sshf.dk\/index.php\/hjertestarter-julsoevej-201\">Juls\u00f8vej 201, Svejb\u00e6k<\/a><\/h4><p class=\"elementor-image-box-description\">Tilg\u00e6ngelighed: D\u00f8gn\u00e5ben<\/p><\/div><\/div>\t\t<\/div>\n\t\t\t\t<\/div>\n\t\t\t\t<div class=\"elementor-element elementor-element-01d3d73 elementor-position-top elementor-vertical-align-top elementor-widget elementor-widget-image-box\" data-id=\"01d3d73\" data-element_type=\"widget\" data-widget_type=\"image-box.default\">\n\t\t\t\t<div class=\"elementor-widget-container\">\n\t\t\t<div class=\"elementor-image-box-wrapper\"><figure class=\"elementor-image-box-img\"><a href=\"https:\/\/sshf.dk\/index.php\/hjertestarter-sejs-skolehal\/\"><img loading=\"lazy\" decoding=\"async\" width=\"720\" height=\"720\" src=\"https:\/\/sshf.dk\/wp-content\/uploads\/2021\/06\/HS-Sejs-skolehal.jpg\" class=\"elementor-animation-shrink attachment-full size-full wp-image-372\" alt=\"\" srcset=\"https:\/\/sshf.dk\/wp-content\/uploads\/2021\/06\/HS-Sejs-skolehal.jpg 720w, https:\/\/sshf.dk\/wp-content\/uploads\/2021\/06\/HS-Sejs-skolehal-300x300.jpg 300w, https:\/\/sshf.dk\/wp-content\/uploads\/2021\/06\/HS-Sejs-skolehal-150x150.jpg 150w, https:\/\/sshf.dk\/wp-content\/uploads\/2021\/06\/HS-Sejs-skolehal-100x100.jpg 100w\" sizes=\"(max-width: 720px) 100vw, 720px\" \/><\/a><\/figure><div class=\"elementor-image-box-content\"><h4 class=\"elementor-image-box-title\"><a href=\"https:\/\/sshf.dk\/index.php\/hjertestarter-sejs-skolehal\/\">Sejs Skolehal, Tytteb\u00e6rvej 1 (m\u00e5ske tilg\u00e6ngelig, findes ikke p\u00e5 hjertestarter.dk)<\/a><\/h4><p class=\"elementor-image-box-description\">Tilg\u00e6ngelighed: Begr\u00e6nset \u00e5ben<\/p><\/div><\/div>\t\t<\/div>\n\t\t\t\t<\/div>\n\t\t\t\t\t<\/div>\n\t\t<\/div>\n\t\t\t\t<div class=\"elementor-column elementor-col-33 elementor-top-column elementor-element elementor-element-246f430\" data-id=\"246f430\" data-element_type=\"column\">\n\t\t\t<div class=\"elementor-widget-wrap elementor-element-populated\">\n\t\t\t\t\t\t\t\t<div class=\"elementor-element elementor-element-bd44e2a elementor-position-top elementor-vertical-align-top elementor-widget elementor-widget-image-box\" data-id=\"bd44e2a\" data-element_type=\"widget\" data-widget_type=\"image-box.default\">\n\t\t\t\t<div class=\"elementor-widget-container\">\n\t\t\t<div class=\"elementor-image-box-wrapper\"><figure class=\"elementor-image-box-img\"><a href=\"https:\/\/sshf.dk\/index.php\/hjertestarter-julsoevej-30\/\"><img loading=\"lazy\" decoding=\"async\" width=\"591\" height=\"468\" src=\"https:\/\/sshf.dk\/wp-content\/uploads\/2023\/03\/Kort-Julsoevej30.jpg\" class=\"elementor-animation-shrink attachment-full size-full wp-image-657\" alt=\"Kortudsnit over Juls\u00f8vej 30, Pizza &amp; Pasta Palace\" srcset=\"https:\/\/sshf.dk\/wp-content\/uploads\/2023\/03\/Kort-Julsoevej30.jpg 591w, https:\/\/sshf.dk\/wp-content\/uploads\/2023\/03\/Kort-Julsoevej30-300x238.jpg 300w, https:\/\/sshf.dk\/wp-content\/uploads\/2023\/03\/Kort-Julsoevej30-24x19.jpg 24w, https:\/\/sshf.dk\/wp-content\/uploads\/2023\/03\/Kort-Julsoevej30-36x29.jpg 36w, https:\/\/sshf.dk\/wp-content\/uploads\/2023\/03\/Kort-Julsoevej30-48x38.jpg 48w\" sizes=\"(max-width: 591px) 100vw, 591px\" \/><\/a><\/figure><div class=\"elementor-image-box-content\"><h4 class=\"elementor-image-box-title\"><a href=\"https:\/\/sshf.dk\/index.php\/hjertestarter-julsoevej-30\/\">Juls\u00f8vej 30, Sejs<\/a><\/h4><p class=\"elementor-image-box-description\">Tilg\u00e6ngelighed: D\u00f8gn\u00e5ben. Driftes af Sejs-Svejb\u00e6k Hjertestarterforening<\/p><\/div><\/div>\t\t<\/div>\n\t\t\t\t<\/div>\n\t\t\t\t<div class=\"elementor-element elementor-element-12ebe28 elementor-position-top elementor-vertical-align-top elementor-widget elementor-widget-image-box\" data-id=\"12ebe28\" data-element_type=\"widget\" data-widget_type=\"image-box.default\">\n\t\t\t\t<div class=\"elementor-widget-container\">\n\t\t\t<div class=\"elementor-image-box-wrapper\"><figure class=\"elementor-image-box-img\"><a href=\"https:\/\/sshf.dk\/index.php\/hjertestarter-multihuset\/\"><img loading=\"lazy\" decoding=\"async\" width=\"653\" height=\"562\" src=\"https:\/\/sshf.dk\/wp-content\/uploads\/2023\/03\/Kort-Multihuset.jpg\" class=\"elementor-animation-shrink attachment-full size-full wp-image-533\" alt=\"Multihuset i Sejs-Svejb\u00e6k set fra luften\" srcset=\"https:\/\/sshf.dk\/wp-content\/uploads\/2023\/03\/Kort-Multihuset.jpg 653w, https:\/\/sshf.dk\/wp-content\/uploads\/2023\/03\/Kort-Multihuset-300x258.jpg 300w, https:\/\/sshf.dk\/wp-content\/uploads\/2023\/03\/Kort-Multihuset-24x21.jpg 24w, https:\/\/sshf.dk\/wp-content\/uploads\/2023\/03\/Kort-Multihuset-36x31.jpg 36w, https:\/\/sshf.dk\/wp-content\/uploads\/2023\/03\/Kort-Multihuset-48x41.jpg 48w\" sizes=\"(max-width: 653px) 100vw, 653px\" \/><\/a><\/figure><div class=\"elementor-image-box-content\"><h4 class=\"elementor-image-box-title\"><a href=\"https:\/\/sshf.dk\/index.php\/hjertestarter-multihuset\/\">Multihuset Sejs, Juls\u00f8vej 126<\/a><\/h4><p class=\"elementor-image-box-description\">Tilg\u00e6ngelighed: D\u00f8gn\u00e5ben<\/p><\/div><\/div>\t\t<\/div>\n\t\t\t\t<\/div>\n\t\t\t\t<div class=\"elementor-element elementor-element-cbcd79d elementor-position-top elementor-vertical-align-top elementor-widget elementor-widget-image-box\" data-id=\"cbcd79d\" data-element_type=\"widget\" data-widget_type=\"image-box.default\">\n\t\t\t\t<div class=\"elementor-widget-container\">\n\t\t\t<div class=\"elementor-image-box-wrapper\"><figure class=\"elementor-image-box-img\"><a href=\"https:\/\/sshf.dk\/index.php\/hjertestarter-julsoevej-249\"><img loading=\"lazy\" decoding=\"async\" width=\"662\" height=\"645\" src=\"https:\/\/sshf.dk\/wp-content\/uploads\/2023\/03\/Kort_Julsoevej249_.jpg\" class=\"elementor-animation-shrink attachment-full size-full wp-image-547\" alt=\"Kortudsnit over Juls\u00f8vej 249, overfor Ludvigslyst\" srcset=\"https:\/\/sshf.dk\/wp-content\/uploads\/2023\/03\/Kort_Julsoevej249_.jpg 662w, https:\/\/sshf.dk\/wp-content\/uploads\/2023\/03\/Kort_Julsoevej249_-300x292.jpg 300w, https:\/\/sshf.dk\/wp-content\/uploads\/2023\/03\/Kort_Julsoevej249_-24x24.jpg 24w, https:\/\/sshf.dk\/wp-content\/uploads\/2023\/03\/Kort_Julsoevej249_-36x36.jpg 36w, https:\/\/sshf.dk\/wp-content\/uploads\/2023\/03\/Kort_Julsoevej249_-48x48.jpg 48w\" sizes=\"(max-width: 662px) 100vw, 662px\" \/><\/a><\/figure><div class=\"elementor-image-box-content\"><h4 class=\"elementor-image-box-title\"><a href=\"https:\/\/sshf.dk\/index.php\/hjertestarter-julsoevej-249\">Juls\u00f8vej 249, Svejb\u00e6k<\/a><\/h4><p class=\"elementor-image-box-description\">Tilg\u00e6ngelighed: D\u00f8gn\u00e5ben. Driftes af Sejs-Svejb\u00e6k Hjertestarterforening<\/p><\/div><\/div>\t\t<\/div>\n\t\t\t\t<\/div>\n\t\t\t\t\t<\/div>\n\t\t<\/div>\n\t\t\t\t\t\t\t<\/div>\n\t\t<\/section>\n\t\t\t\t\t\t\t<\/div>\n\t\t","protected":false},"excerpt":{"rendered":"<p>Nedenunder finder du de hjertestartere, der er i Sejs-Svejb\u00e6k. Klik p\u00e5 billederne for at komme videre til en side, hvor du kan l\u00e6se n\u00e6rmere omkring placering, tilg\u00e6ngelighed og se billeder.\u00a0 Hjertestarterne er oplistet fra vest mod \u00f8st, yderpunkterne er Hatten\u00e6s mod Skyttehusets Camping, som ligger p\u00e5 den anden side af Guden\u00e5en ud for Ludvigslyst\/Aalekroen. Silkeborg &hellip; <\/p>\n<p class=\"link-more\"><a href=\"https:\/\/sshf.dk\/index.php\/hjertestartere\/\" class=\"more-link\">L\u00e6s videre<span class=\"screen-reader-text\"> &#8220;Hjertestartere&#8221;<\/span><\/a><\/p>\n","protected":false},"author":1,"featured_media":0,"parent":0,"menu_order":0,"comment_status":"closed","ping_status":"closed","template":"elementor_header_footer","meta":{"footnotes":""},"class_list":["post-95","page","type-page","status-publish","hentry"],"_links":{"self":[{"href":"https:\/\/sshf.dk\/index.php\/wp-json\/wp\/v2\/pages\/95"}],"collection":[{"href":"https:\/\/sshf.dk\/index.php\/wp-json\/wp\/v2\/pages"}],"about":[{"href":"https:\/\/sshf.dk\/index.php\/wp-json\/wp\/v2\/types\/page"}],"author":[{"embeddable":true,"href":"https:\/\/sshf.dk\/index.php\/wp-json\/wp\/v2\/users\/1"}],"replies":[{"embeddable":true,"href":"https:\/\/sshf.dk\/index.php\/wp-json\/wp\/v2\/comments?post=95"}],"version-history":[{"count":94,"href":"https:\/\/sshf.dk\/index.php\/wp-json\/wp\/v2\/pages\/95\/revisions"}],"predecessor-version":[{"id":676,"href":"https:\/\/sshf.dk\/index.php\/wp-json\/wp\/v2\/pages\/95\/revisions\/676"}],"wp:attachment":[{"href":"https:\/\/sshf.dk\/index.php\/wp-json\/wp\/v2\/media?parent=95"}],"curies":[{"name":"wp","href":"https:\/\/api.w.org\/{rel}","templated":true}]}}